{"id":50235,"date":"2024-11-20T18:19:46","date_gmt":"2024-11-20T18:19:46","guid":{"rendered":"https:\/\/odensehobby.dk\/?post_type=product&#038;p=50235"},"modified":"2025-03-26T10:00:46","modified_gmt":"2025-03-26T10:00:46","slug":"36244-damplokomotiv-br-24-med-lyd-og-roeg","status":"publish","type":"product","link":"https:\/\/odensehobby.dk\/index.php\/product\/36244-damplokomotiv-br-24-med-lyd-og-roeg\/","title":{"rendered":"36244  Damplokomotiv Br 24 med lyd og r\u00f8g"},"content":{"rendered":"<p>Marklin<\/p>\n<p>Damplokomotiv Br 24 med lyd og r\u00f8g<\/p>\n<p><span style=\"font-family: Verdana, Arial, Helvetica; font-size: small;\">Damplokomotiv Baureihe 24 fra Deutschen Bundesbahn (DB) udstyret med mfx dekoder med mulighed for indstilling af acceleration og bremseforsinkelse samt maksimal hastighed. Lydgenerator med driftlyd, lokomotiv fl\u00f8jte, klokke, dampudbl\u00e6sning, bremsepiben og meget mere.<\/p>\n<p>Special motor med tr\u00e6k p\u00e5 alle 3 aksler. Kedel udf\u00f8rt i metal, kortkoblinger monteret i begge ender.<\/p>\n<p>Lys med vedligeholdelsesfrie lysdioder skiftende med k\u00f8rselsretningen, og kan til og frakobles digitalt via F0<\/p>\n<p>Indbygget r\u00f8gindsats (Seuthe 20) som standartmontering der kan t\u00e6ndes og slukkes digitalt.<\/span><\/p>\n<p>&nbsp;<\/p>\n<div><span style=\"font-family: Verdana, Arial, Helvetica; font-size: small;\">L\u00e6ngde over puffer 19,4 cm. &#8211; Epoke III <\/span><\/div>\n<div><\/div>\n<div><\/div>\n<div><\/div>\n","protected":false},"excerpt":{"rendered":"<p>Damplokomotiv Br 24 med lyd og r\u00f8g<\/p>\n","protected":false},"featured_media":50209,"template":"","meta":[],"product_brand":[],"product_cat":[506],"product_tag":[],"class_list":{"0":"post-50235","1":"product","2":"type-product","3":"status-publish","4":"has-post-thumbnail","6":"product_cat-lokomotiver","8":"first","9":"instock","10":"taxable","11":"shipping-taxable","12":"purchasable","13":"product-type-simple"},"_links":{"self":[{"href":"https:\/\/odensehobby.dk\/index.php\/wp-json\/wp\/v2\/product\/50235","targetHints":{"allow":["GET"]}}],"collection":[{"href":"https:\/\/odensehobby.dk\/index.php\/wp-json\/wp\/v2\/product"}],"about":[{"href":"https:\/\/odensehobby.dk\/index.php\/wp-json\/wp\/v2\/types\/product"}],"wp:featuredmedia":[{"embeddable":true,"href":"https:\/\/odensehobby.dk\/index.php\/wp-json\/wp\/v2\/media\/50209"}],"wp:attachment":[{"href":"https:\/\/odensehobby.dk\/index.php\/wp-json\/wp\/v2\/media?parent=50235"}],"wp:term":[{"taxonomy":"product_brand","embeddable":true,"href":"https:\/\/odensehobby.dk\/index.php\/wp-json\/wp\/v2\/product_brand?post=50235"},{"taxonomy":"product_cat","embeddable":true,"href":"https:\/\/odensehobby.dk\/index.php\/wp-json\/wp\/v2\/product_cat?post=50235"},{"taxonomy":"product_tag","embeddable":true,"href":"https:\/\/odensehobby.dk\/index.php\/wp-json\/wp\/v2\/product_tag?post=50235"}],"curies":[{"name":"wp","href":"https:\/\/api.w.org\/{rel}","templated":true}]}}