{"id":51883,"date":"2023-02-10T08:51:36","date_gmt":"2023-02-10T08:51:36","guid":{"rendered":"https:\/\/odensehobby.dk\/?post_type=product&#038;p=51883"},"modified":"2026-01-30T12:20:53","modified_gmt":"2026-01-30T12:20:53","slug":"048460-sidetipvogne-type-fas-fra-wiebe-gmbh","status":"publish","type":"product","link":"https:\/\/odensehobby.dk\/index.php\/product\/048460-sidetipvogne-type-fas-fra-wiebe-gmbh\/","title":{"rendered":"048460  sidetipvogne Type Fas fra  Wiebe GmbH"},"content":{"rendered":"<p>Marklin<\/p>\n<p>Sidetipvogne Type Fas fra Wiebe GmbH<\/p>\n<p>Vogns\u00e6t best\u00e5ende af 2 forskellige 4 akslede sidetipvogne Type Fas fra byggefirmaet Wiebe GmbH, Achim med ribbede sidev\u00e6gge og overgangsplatforme, malet i den r\u00f8dbrune grundfarve som i drift\u00e5rene omkring 2015.<\/p>\n<p>Begge vogne er forsynet med forskellige driftnumre samt kortkoblinger, bev\u00e6gelige trykluftcylindre og pneumatiske cylindre og masser af p\u00e5satte detaljer. Begge vogne kan tippes til begge sider for afl\u00e6sning.<\/p>\n<p>Samlet l\u00e6ngde over puffer 28,0 cm &#8211; Epoke VI<\/p>\n","protected":false},"excerpt":{"rendered":"<p>sidetipvogne Type Fas fra Wiebe GmbH<\/p>\n","protected":false},"featured_media":51890,"template":"","meta":[],"product_brand":[],"product_cat":[998],"product_tag":[],"class_list":{"0":"post-51883","1":"product","2":"type-product","3":"status-publish","4":"has-post-thumbnail","6":"product_cat-vognsaet","8":"first","9":"instock","10":"sale","11":"taxable","12":"shipping-taxable","13":"purchasable","14":"product-type-simple"},"_links":{"self":[{"href":"https:\/\/odensehobby.dk\/index.php\/wp-json\/wp\/v2\/product\/51883","targetHints":{"allow":["GET"]}}],"collection":[{"href":"https:\/\/odensehobby.dk\/index.php\/wp-json\/wp\/v2\/product"}],"about":[{"href":"https:\/\/odensehobby.dk\/index.php\/wp-json\/wp\/v2\/types\/product"}],"wp:featuredmedia":[{"embeddable":true,"href":"https:\/\/odensehobby.dk\/index.php\/wp-json\/wp\/v2\/media\/51890"}],"wp:attachment":[{"href":"https:\/\/odensehobby.dk\/index.php\/wp-json\/wp\/v2\/media?parent=51883"}],"wp:term":[{"taxonomy":"product_brand","embeddable":true,"href":"https:\/\/odensehobby.dk\/index.php\/wp-json\/wp\/v2\/product_brand?post=51883"},{"taxonomy":"product_cat","embeddable":true,"href":"https:\/\/odensehobby.dk\/index.php\/wp-json\/wp\/v2\/product_cat?post=51883"},{"taxonomy":"product_tag","embeddable":true,"href":"https:\/\/odensehobby.dk\/index.php\/wp-json\/wp\/v2\/product_tag?post=51883"}],"curies":[{"name":"wp","href":"https:\/\/api.w.org\/{rel}","templated":true}]}}