{"id":52075,"date":"2024-12-13T10:52:58","date_gmt":"2024-12-13T10:52:58","guid":{"rendered":"https:\/\/odensehobby.dk\/?post_type=product&#038;p=52075"},"modified":"2026-05-08T15:45:10","modified_gmt":"2026-05-08T15:45:10","slug":"046129-autotransportvogne","status":"publish","type":"product","link":"https:\/\/odensehobby.dk\/index.php\/product\/046129-autotransportvogne\/","title":{"rendered":"046129  autotransportvogne"},"content":{"rendered":"<p>Marklin<\/p>\n<p><span class=\"VIiyi\" lang=\"da\"><span class=\"JLqJ4b ChMk0b\" data-language-for-alternatives=\"da\" data-language-to-translate-into=\"de\" data-number-of-phrases=\"3\" data-phrase-index=\"0\"> Vogns\u00e6t best\u00e5ende af 2 forskellige 2 akslede autotransportvogne Type Laaes 541 fra Deutschen Bundesbahn (DB) bel\u00e6sset med hver 4 forskellige VW privatbiler i forskellige farver<\/span><span class=\"JLqJ4b ChMk0b\" data-language-for-alternatives=\"da\" data-language-to-translate-into=\"de\" data-number-of-phrases=\"3\" data-phrase-index=\"1\"> i drifttilstand som i \u00e5rene omkring 1971\/72.<\/span> <\/span><\/p>\n<p>Fast kobling mellem vogns\u00e6t og mange flotte detaljer og tryk over alt p\u00e5 vognene.<\/p>\n<p>Samlet l\u00e6ngde over puffer 25,3 cm &#8211; Epoke IV<\/p>\n","protected":false},"excerpt":{"rendered":"<p>autotransportvogne<\/p>\n","protected":false},"featured_media":52078,"template":"","meta":[],"product_brand":[],"product_cat":[998],"product_tag":[],"class_list":{"0":"post-52075","1":"product","2":"type-product","3":"status-publish","4":"has-post-thumbnail","6":"product_cat-vognsaet","8":"first","9":"instock","10":"taxable","11":"shipping-taxable","12":"purchasable","13":"product-type-simple"},"_links":{"self":[{"href":"https:\/\/odensehobby.dk\/index.php\/wp-json\/wp\/v2\/product\/52075","targetHints":{"allow":["GET"]}}],"collection":[{"href":"https:\/\/odensehobby.dk\/index.php\/wp-json\/wp\/v2\/product"}],"about":[{"href":"https:\/\/odensehobby.dk\/index.php\/wp-json\/wp\/v2\/types\/product"}],"wp:featuredmedia":[{"embeddable":true,"href":"https:\/\/odensehobby.dk\/index.php\/wp-json\/wp\/v2\/media\/52078"}],"wp:attachment":[{"href":"https:\/\/odensehobby.dk\/index.php\/wp-json\/wp\/v2\/media?parent=52075"}],"wp:term":[{"taxonomy":"product_brand","embeddable":true,"href":"https:\/\/odensehobby.dk\/index.php\/wp-json\/wp\/v2\/product_brand?post=52075"},{"taxonomy":"product_cat","embeddable":true,"href":"https:\/\/odensehobby.dk\/index.php\/wp-json\/wp\/v2\/product_cat?post=52075"},{"taxonomy":"product_tag","embeddable":true,"href":"https:\/\/odensehobby.dk\/index.php\/wp-json\/wp\/v2\/product_tag?post=52075"}],"curies":[{"name":"wp","href":"https:\/\/api.w.org\/{rel}","templated":true}]}}