{"id":52515,"date":"2026-01-22T10:34:15","date_gmt":"2026-01-22T10:34:15","guid":{"rendered":"https:\/\/odensehobby.dk\/?post_type=product&#038;p=52515"},"modified":"2026-05-08T15:45:12","modified_gmt":"2026-05-08T15:45:12","slug":"048459-01-sidetipvogne","status":"publish","type":"product","link":"https:\/\/odensehobby.dk\/index.php\/product\/048459-01-sidetipvogne\/","title":{"rendered":"048459-01  sidetipvogn"},"content":{"rendered":"<p>Marklin<\/p>\n<p>sidetipvogn Type Fas fra byggefirmaet Wiebe GmbH<\/p>\n<p>Vognen er en\u00a0 4 akslede sidetipvogne Type Fas og Fakks fra byggefirmaet Wiebe GmbH, Achim med ribbede sidev\u00e6gge og overgangsplatforme, malet i den guldgule Wiebe firma farve grundfarve som i drift\u00e5rene omkring 2013.<\/p>\n<p>Vognen er med kortkoblinger, bev\u00e6gelige trykluftcylindre og pneumatiske cylindre og masser af p\u00e5satte detaljer. Vognen kan tippes til begge sider for afl\u00e6sning.<\/p>\n<p>Samlet l\u00e6ngde over puffer 14,0 cm &#8211; Epoke VI<\/p>\n<p style=\"text-align: center;\"><span style=\"color: #ff0000;\"><strong>Skriv i kommentarfeltet hvis der skal j\u00e6vnstr\u00f8ms hjul p\u00e5.<\/strong><\/span><\/p>\n","protected":false},"excerpt":{"rendered":"<p>sidetipvogn<\/p>\n","protected":false},"featured_media":52519,"template":"","meta":[],"product_brand":[],"product_cat":[505],"product_tag":[],"class_list":{"0":"post-52515","1":"product","2":"type-product","3":"status-publish","4":"has-post-thumbnail","6":"product_cat-godsvogne-marklin","7":"pa_jaevnstroem-hjul-ombyttes","9":"first","10":"instock","11":"sale","12":"taxable","13":"shipping-taxable","14":"purchasable","15":"product-type-simple"},"_links":{"self":[{"href":"https:\/\/odensehobby.dk\/index.php\/wp-json\/wp\/v2\/product\/52515","targetHints":{"allow":["GET"]}}],"collection":[{"href":"https:\/\/odensehobby.dk\/index.php\/wp-json\/wp\/v2\/product"}],"about":[{"href":"https:\/\/odensehobby.dk\/index.php\/wp-json\/wp\/v2\/types\/product"}],"wp:featuredmedia":[{"embeddable":true,"href":"https:\/\/odensehobby.dk\/index.php\/wp-json\/wp\/v2\/media\/52519"}],"wp:attachment":[{"href":"https:\/\/odensehobby.dk\/index.php\/wp-json\/wp\/v2\/media?parent=52515"}],"wp:term":[{"taxonomy":"product_brand","embeddable":true,"href":"https:\/\/odensehobby.dk\/index.php\/wp-json\/wp\/v2\/product_brand?post=52515"},{"taxonomy":"product_cat","embeddable":true,"href":"https:\/\/odensehobby.dk\/index.php\/wp-json\/wp\/v2\/product_cat?post=52515"},{"taxonomy":"product_tag","embeddable":true,"href":"https:\/\/odensehobby.dk\/index.php\/wp-json\/wp\/v2\/product_tag?post=52515"}],"curies":[{"name":"wp","href":"https:\/\/api.w.org\/{rel}","templated":true}]}}