{"id":58566,"date":"2026-04-30T14:46:06","date_gmt":"2026-04-30T14:46:06","guid":{"rendered":"https:\/\/odensehobby.dk\/?post_type=product&#038;p=58566"},"modified":"2026-05-08T15:48:47","modified_gmt":"2026-05-08T15:48:47","slug":"dsbs-roede-lyntog-1935-1994","status":"publish","type":"product","link":"https:\/\/odensehobby.dk\/index.php\/product\/dsbs-roede-lyntog-1935-1994\/","title":{"rendered":"DSBs R\u00f8de lyntog 1935-1994"},"content":{"rendered":"<p>TJA<\/p>\n<p>Nu kommer Bogen om<\/p>\n<p><strong><span style=\"font-size: 14pt;\"><span style=\"color: #ff0000;\">DSBs R\u00f8de Lyntog 1935-1994<\/span><\/span><\/strong><\/p>\n<ul>\n<li>MS, MB<\/li>\n<li>MA<\/li>\n<li>Prototypelyntoget<\/li>\n<\/ul>\n<p>Bogen bliver i samme design som de hidtidige udgivelser i serien om DSBs rullende materiel i \u00e5rene 1945-2001, dvs med komplette omtaler historie og teknik, med mange tabeller og data, fotos taget af vorekendte jernbane-fotografer, detaljerede fabrikstegninger i skala 1:87 fra Scania, FRICHS, MAN o.s.v.<\/p>\n<p>&nbsp;<\/p>\n<p>af indholdet kan n\u00e6vnes<\/p>\n<ul>\n<li>forhistorien, udviklingen og idr\u00e6fts\u00e6ttelsen<\/li>\n<li>linjer og ruter, oprangeringer m.v<\/li>\n<li>Lyntogenes navne<\/li>\n<li>indretning, teknik, og data<\/li>\n<li>design af lyntogene, p\u00e5skrifter m.v.<\/li>\n<\/ul>\n<p>&#8230;. og meget, meget mere<\/p>\n<p>Bogen forventes at blive p\u00e5 ca 136 sider med mange foto i b\u00e5de sort\/hvid og farver<\/p>\n<p>udkommer i efter\u00e5ret 2026. august &#8211; september<\/p>\n<p>Send en Email til forudbestilling@odensehobby.dk med dit navn og telefonnummer s\u00e5 er du sikker p\u00e5 et eksemplar, n\u00e5r den udkommer.<\/p>\n","protected":false},"excerpt":{"rendered":"<p>DSBs R\u00f8de lyntog 1935-1994<\/p>\n","protected":false},"featured_media":58565,"template":"","meta":[],"product_brand":[],"product_cat":[603],"product_tag":[],"class_list":{"0":"post-58566","1":"product","2":"type-product","3":"status-publish","4":"has-post-thumbnail","6":"product_cat-boeger-fra-lokomotivet","8":"first","9":"outofstock","10":"taxable","11":"shipping-taxable","12":"purchasable","13":"product-type-simple"},"_links":{"self":[{"href":"https:\/\/odensehobby.dk\/index.php\/wp-json\/wp\/v2\/product\/58566","targetHints":{"allow":["GET"]}}],"collection":[{"href":"https:\/\/odensehobby.dk\/index.php\/wp-json\/wp\/v2\/product"}],"about":[{"href":"https:\/\/odensehobby.dk\/index.php\/wp-json\/wp\/v2\/types\/product"}],"wp:featuredmedia":[{"embeddable":true,"href":"https:\/\/odensehobby.dk\/index.php\/wp-json\/wp\/v2\/media\/58565"}],"wp:attachment":[{"href":"https:\/\/odensehobby.dk\/index.php\/wp-json\/wp\/v2\/media?parent=58566"}],"wp:term":[{"taxonomy":"product_brand","embeddable":true,"href":"https:\/\/odensehobby.dk\/index.php\/wp-json\/wp\/v2\/product_brand?post=58566"},{"taxonomy":"product_cat","embeddable":true,"href":"https:\/\/odensehobby.dk\/index.php\/wp-json\/wp\/v2\/product_cat?post=58566"},{"taxonomy":"product_tag","embeddable":true,"href":"https:\/\/odensehobby.dk\/index.php\/wp-json\/wp\/v2\/product_tag?post=58566"}],"curies":[{"name":"wp","href":"https:\/\/api.w.org\/{rel}","templated":true}]}}